{"id":34426,"date":"2025-06-26T14:46:42","date_gmt":"2025-06-26T12:46:42","guid":{"rendered":"https:\/\/www.lemasdepierre.com\/dolce-provenza\/"},"modified":"2026-03-30T09:22:41","modified_gmt":"2026-03-30T07:22:41","slug":"dolce-provenza","status":"publish","type":"page","link":"https:\/\/www.lemasdepierre.com\/de\/dolce-provenza\/","title":{"rendered":"Dolce Provenza"},"content":{"rendered":"\t\t<div data-elementor-type=\"wp-page\" data-elementor-id=\"34426\" class=\"elementor elementor-34426 elementor-33978\" data-elementor-post-type=\"page\">\n\t\t\t\t<div class=\"elementor-element elementor-element-5e0a38e e-flex e-con-boxed e-con e-parent\" data-id=\"5e0a38e\" data-element_type=\"container\">\n\t\t\t\t\t<div class=\"e-con-inner\">\n\t\t<div class=\"elementor-element elementor-element-c2f73fb e-con-full e-flex e-con e-child\" data-id=\"c2f73fb\" data-element_type=\"container\">\n\t\t\t\t<div class=\"elementor-element elementor-element-a286cec elementor-widget elementor-widget-heading\" data-id=\"a286cec\" data-element_type=\"widget\" data-widget_type=\"heading.default\">\n\t\t\t\t<div class=\"elementor-widget-container\">\n\t\t\t\t\t<h2 class=\"elementor-heading-title elementor-size-default\">Eine Ode an die Riviera, \nzwischen Provence und Italien<\/h2>\t\t\t\t<\/div>\n\t\t\t\t<\/div>\n\t\t\t\t<div class=\"elementor-element elementor-element-6be0292 elementor-widget elementor-widget-text-editor\" data-id=\"6be0292\" data-element_type=\"widget\" data-widget_type=\"text-editor.default\">\n\t\t\t\t<div class=\"elementor-widget-container\">\n\t\t\t\t\t\t\t\t\t<p>Willkommen im Dolce Provenza, dem Bistro der Domaine du Mas de Pierre. Hier feiern wir die mediterrane Lebensart, die einfachen Freuden und den authentischen Geschmack. Das Restaurant ist gleicherma\u00dfen von der provenzalischen und italienischen Tradition inspiriert und bietet eine feine Casual-K\u00fcche, sonnig, freundlich und gro\u00dfz\u00fcgig, in einem warmen Dekor mit Boh\u00e8me-Chic-Charme.  <\/p><p>Im Dolce Provenza ist alles auf Familien, Paare, Gruppen von Freunden oder G\u00e4ste des Spas ausgerichtet. Das Bambino-Men\u00fc verw\u00f6hnt die Kleinsten mit einfachen und leckeren Gerichten. <\/p>\t\t\t\t\t\t\t\t<\/div>\n\t\t\t\t<\/div>\n\t\t<div class=\"elementor-element elementor-element-ad7cb73 e-grid e-con-full e-con e-child\" data-id=\"ad7cb73\" data-element_type=\"container\">\n\t\t\t\t<div class=\"elementor-element elementor-element-6cf5494 elementor-align-center elementor-widget elementor-widget-button\" data-id=\"6cf5494\" data-element_type=\"widget\" data-widget_type=\"button.default\">\n\t\t\t\t<div class=\"elementor-widget-container\">\n\t\t\t\t\t\t\t\t\t<div class=\"elementor-button-wrapper\">\n\t\t\t\t\t<a class=\"elementor-button elementor-button-link elementor-size-sm\" href=\"https:\/\/www.lemasdepierre.com\/wp-content\/uploads\/2026\/03\/Dolce-Provenza-Nouveau-Design-3.pdf\" target=\"_blank\">\n\t\t\t\t\t\t<span class=\"elementor-button-content-wrapper\">\n\t\t\t\t\t\t\t\t\t<span class=\"elementor-button-text\">DIE KARTE<\/span>\n\t\t\t\t\t<\/span>\n\t\t\t\t\t<\/a>\n\t\t\t\t<\/div>\n\t\t\t\t\t\t\t\t<\/div>\n\t\t\t\t<\/div>\n\t\t\t\t<div class=\"elementor-element elementor-element-71c8caa elementor-align-center elementor-widget elementor-widget-button\" data-id=\"71c8caa\" data-element_type=\"widget\" data-widget_type=\"button.default\">\n\t\t\t\t<div class=\"elementor-widget-container\">\n\t\t\t\t\t\t\t\t\t<div class=\"elementor-button-wrapper\">\n\t\t\t\t\t<a class=\"elementor-button elementor-button-link elementor-size-sm\" href=\"https:\/\/www.lemasdepierre.com\/wp-content\/uploads\/2026\/02\/180126-Carte-vins-Reunification-TDP-r-2.pdf\" target=\"_blank\">\n\t\t\t\t\t\t<span class=\"elementor-button-content-wrapper\">\n\t\t\t\t\t\t\t\t\t<span class=\"elementor-button-text\">Weinkarte<\/span>\n\t\t\t\t\t<\/span>\n\t\t\t\t\t<\/a>\n\t\t\t\t<\/div>\n\t\t\t\t\t\t\t\t<\/div>\n\t\t\t\t<\/div>\n\t\t\t\t<\/div>\n\t\t\t\t<\/div>\n\t\t<div class=\"elementor-element elementor-element-cebc5ca e-con-full e-flex e-con e-child\" data-id=\"cebc5ca\" data-element_type=\"container\">\n\t\t\t\t<div class=\"elementor-element elementor-element-83a62b6 elementor-widget elementor-widget-text-editor\" data-id=\"83a62b6\" data-element_type=\"widget\" data-widget_type=\"text-editor.default\">\n\t\t\t\t<div class=\"elementor-widget-container\">\n\t\t\t\t\t\t\t\t\t<p><strong>Tagesmen\u00fcs MIDI 39\u20ac\/ Person ohne Getr\u00e4nke (festes Men\u00fc) im DOLCE PROVENZA<\/strong><\/p><ul><li>Formel g\u00fcltig bis zum 28. Februar 2026<\/li><li>Au\u00dferhalb der Schulferien<\/li><li>Au\u00dferhalb der Schlie\u00dfung<\/li><li>Montag bis Freitag nur mittags (au\u00dfer am Wochenende)<\/li><\/ul>\t\t\t\t\t\t\t\t<\/div>\n\t\t\t\t<\/div>\n\t\t\t\t<div class=\"elementor-element elementor-element-aceff47 elementor-widget elementor-widget-image\" data-id=\"aceff47\" data-element_type=\"widget\" data-widget_type=\"image.default\">\n\t\t\t\t<div class=\"elementor-widget-container\">\n\t\t\t\t\t\t\t\t\t\t\t\t\t\t\t<img fetchpriority=\"high\" decoding=\"async\" width=\"300\" height=\"245\" src=\"https:\/\/www.lemasdepierre.com\/wp-content\/uploads\/2025\/04\/logotype-dolce-provenza_logo-dolce-provenza-vert-300x245.png\" class=\"attachment-medium size-medium wp-image-33983\" alt=\"logotype-dolce-provenza_logo-dolce-provenza-gr\u00fcn\" srcset=\"https:\/\/www.lemasdepierre.com\/wp-content\/uploads\/2025\/04\/logotype-dolce-provenza_logo-dolce-provenza-vert-300x245.png 300w, https:\/\/www.lemasdepierre.com\/wp-content\/uploads\/2025\/04\/logotype-dolce-provenza_logo-dolce-provenza-vert.png 542w\" sizes=\"(max-width: 300px) 100vw, 300px\" \/>\t\t\t\t\t\t\t\t\t\t\t\t\t\t\t<\/div>\n\t\t\t\t<\/div>\n\t\t\t\t<div class=\"elementor-element elementor-element-4d0be03 elementor-align-center elementor-widget elementor-widget-button\" data-id=\"4d0be03\" data-element_type=\"widget\" data-widget_type=\"button.default\">\n\t\t\t\t<div class=\"elementor-widget-container\">\n\t\t\t\t\t\t\t\t\t<div class=\"elementor-button-wrapper\">\n\t\t\t\t\t<a class=\"elementor-button elementor-button-link elementor-size-sm\" href=\"https:\/\/bookings.zenchef.com\/results?rid=370239&#038;pid=1001\" target=\"_blank\">\n\t\t\t\t\t\t<span class=\"elementor-button-content-wrapper\">\n\t\t\t\t\t\t\t\t\t<span class=\"elementor-button-text\">Tisch reservieren<\/span>\n\t\t\t\t\t<\/span>\n\t\t\t\t\t<\/a>\n\t\t\t\t<\/div>\n\t\t\t\t\t\t\t\t<\/div>\n\t\t\t\t<\/div>\n\t\t\t\t<\/div>\n\t\t\t\t\t<\/div>\n\t\t\t\t<\/div>\n\t\t<div class=\"elementor-element elementor-element-2ee8053 e-flex e-con-boxed e-con e-parent\" data-id=\"2ee8053\" data-element_type=\"container\">\n\t\t\t\t\t<div class=\"e-con-inner\">\n\t\t\t\t\t<\/div>\n\t\t\t\t<\/div>\n\t\t<div class=\"elementor-element elementor-element-99e4522 e-flex e-con-boxed e-con e-parent\" data-id=\"99e4522\" data-element_type=\"container\">\n\t\t\t\t\t<div class=\"e-con-inner\">\n\t\t\t\t<div class=\"elementor-element elementor-element-c9af718 elementor-widget elementor-widget-image-gallery\" data-id=\"c9af718\" data-element_type=\"widget\" data-widget_type=\"image-gallery.default\">\n\t\t\t\t<div class=\"elementor-widget-container\">\n\t\t\t\t\t\t\t<div class=\"elementor-image-gallery\">\n\t\t\t\n\t\t<style type=\"text\/css\">\n\t\t\t#gallery-1 {\n\t\t\t\tmargin: auto;\n\t\t\t}\n\t\t\t#gallery-1 .gallery-item {\n\t\t\t\tfloat: left;\n\t\t\t\tmargin-top: 10px;\n\t\t\t\ttext-align: center;\n\t\t\t\twidth: 25%;\n\t\t\t}\n\t\t\t#gallery-1 img {\n\t\t\t\tborder: 2px solid #cfcfcf;\n\t\t\t}\n\t\t\t#gallery-1 .gallery-caption {\n\t\t\t\tmargin-left: 0;\n\t\t\t}\n\t\t\t\/* see gallery_shortcode() in wp-includes\/media.php *\/\n\t\t<\/style>\n\t\t<div id='gallery-1' class='gallery galleryid-34426 gallery-columns-4 gallery-size-visu_texte'><dl class='gallery-item'>\n\t\t\t<dt class='gallery-icon portrait'>\n\t\t\t\t<a data-elementor-open-lightbox=\"yes\" data-elementor-lightbox-slideshow=\"c9af718\" data-elementor-lightbox-title=\"dolce-provenza (1)\" data-e-action-hash=\"#elementor-action%3Aaction%3Dlightbox%26settings%3DeyJpZCI6MzQ4MDIsInVybCI6Imh0dHBzOlwvXC93d3cubGVtYXNkZXBpZXJyZS5jb21cL3dwLWNvbnRlbnRcL3VwbG9hZHNcLzIwMjVcLzExXC9kb2xjZS1wcm92ZW56YS0xLmpwZWciLCJzbGlkZXNob3ciOiJjOWFmNzE4In0%3D\" href='https:\/\/www.lemasdepierre.com\/wp-content\/uploads\/2025\/11\/dolce-provenza-1.jpeg'><img decoding=\"async\" width=\"655\" height=\"540\" src=\"https:\/\/www.lemasdepierre.com\/wp-content\/uploads\/2025\/11\/dolce-provenza-1-655x540.jpeg\" class=\"attachment-visu_texte size-visu_texte\" alt=\"\" \/><\/a>\n\t\t\t<\/dt><\/dl><dl class='gallery-item'>\n\t\t\t<dt class='gallery-icon portrait'>\n\t\t\t\t<a data-elementor-open-lightbox=\"yes\" data-elementor-lightbox-slideshow=\"c9af718\" data-elementor-lightbox-title=\"dolce-provenza (4)\" data-e-action-hash=\"#elementor-action%3Aaction%3Dlightbox%26settings%3DeyJpZCI6MzQ4MDMsInVybCI6Imh0dHBzOlwvXC93d3cubGVtYXNkZXBpZXJyZS5jb21cL3dwLWNvbnRlbnRcL3VwbG9hZHNcLzIwMjVcLzExXC9kb2xjZS1wcm92ZW56YS00LXNjYWxlZC5qcGVnIiwic2xpZGVzaG93IjoiYzlhZjcxOCJ9\" href='https:\/\/www.lemasdepierre.com\/wp-content\/uploads\/2025\/11\/dolce-provenza-4-scaled.jpeg'><img decoding=\"async\" width=\"655\" height=\"540\" src=\"https:\/\/www.lemasdepierre.com\/wp-content\/uploads\/2025\/11\/dolce-provenza-4-655x540.jpeg\" class=\"attachment-visu_texte size-visu_texte\" alt=\"\" \/><\/a>\n\t\t\t<\/dt><\/dl><dl class='gallery-item'>\n\t\t\t<dt class='gallery-icon portrait'>\n\t\t\t\t<a data-elementor-open-lightbox=\"yes\" data-elementor-lightbox-slideshow=\"c9af718\" data-elementor-lightbox-title=\"dolce-provenza (3)\" data-e-action-hash=\"#elementor-action%3Aaction%3Dlightbox%26settings%3DeyJpZCI6MzQ4MDQsInVybCI6Imh0dHBzOlwvXC93d3cubGVtYXNkZXBpZXJyZS5jb21cL3dwLWNvbnRlbnRcL3VwbG9hZHNcLzIwMjVcLzExXC9kb2xjZS1wcm92ZW56YS0zLmpwZWciLCJzbGlkZXNob3ciOiJjOWFmNzE4In0%3D\" href='https:\/\/www.lemasdepierre.com\/wp-content\/uploads\/2025\/11\/dolce-provenza-3.jpeg'><img loading=\"lazy\" decoding=\"async\" width=\"655\" height=\"540\" src=\"https:\/\/www.lemasdepierre.com\/wp-content\/uploads\/2025\/11\/dolce-provenza-3-655x540.jpeg\" class=\"attachment-visu_texte size-visu_texte\" alt=\"\" \/><\/a>\n\t\t\t<\/dt><\/dl><dl class='gallery-item'>\n\t\t\t<dt class='gallery-icon portrait'>\n\t\t\t\t<a data-elementor-open-lightbox=\"yes\" data-elementor-lightbox-slideshow=\"c9af718\" data-elementor-lightbox-title=\"dolce-provenza (2)\" data-e-action-hash=\"#elementor-action%3Aaction%3Dlightbox%26settings%3DeyJpZCI6MzQ4MDUsInVybCI6Imh0dHBzOlwvXC93d3cubGVtYXNkZXBpZXJyZS5jb21cL3dwLWNvbnRlbnRcL3VwbG9hZHNcLzIwMjVcLzExXC9kb2xjZS1wcm92ZW56YS0yLXNjYWxlZC5qcGVnIiwic2xpZGVzaG93IjoiYzlhZjcxOCJ9\" href='https:\/\/www.lemasdepierre.com\/wp-content\/uploads\/2025\/11\/dolce-provenza-2-scaled.jpeg'><img loading=\"lazy\" decoding=\"async\" width=\"655\" height=\"540\" src=\"https:\/\/www.lemasdepierre.com\/wp-content\/uploads\/2025\/11\/dolce-provenza-2-655x540.jpeg\" class=\"attachment-visu_texte size-visu_texte\" alt=\"\" \/><\/a>\n\t\t\t<\/dt><\/dl><br style=\"clear: both\" \/><dl class='gallery-item'>\n\t\t\t<dt class='gallery-icon portrait'>\n\t\t\t\t<a data-elementor-open-lightbox=\"yes\" data-elementor-lightbox-slideshow=\"c9af718\" data-elementor-lightbox-title=\"domaine-du-mas-de-pierre-saint-paul-de-vence-bistrot-dolce-provenza\" data-e-action-hash=\"#elementor-action%3Aaction%3Dlightbox%26settings%3DeyJpZCI6MzE5MDcsInVybCI6Imh0dHBzOlwvXC93d3cubGVtYXNkZXBpZXJyZS5jb21cL3dwLWNvbnRlbnRcL3VwbG9hZHNcLzIwMjNcLzEyXC9kb21haW5lLWR1LW1hcy1kZS1waWVycmUtc2FpbnQtcGF1bC1kZS12ZW5jZS1iaXN0cm90LWxpcy1vcnRvLmpwZyIsInNsaWRlc2hvdyI6ImM5YWY3MTgifQ%3D%3D\" href='https:\/\/www.lemasdepierre.com\/wp-content\/uploads\/2023\/12\/domaine-du-mas-de-pierre-saint-paul-de-vence-bistrot-lis-orto.jpg'><img loading=\"lazy\" decoding=\"async\" width=\"655\" height=\"540\" src=\"https:\/\/www.lemasdepierre.com\/wp-content\/uploads\/2023\/12\/domaine-du-mas-de-pierre-saint-paul-de-vence-bistrot-lis-orto-655x540.jpg\" class=\"attachment-visu_texte size-visu_texte\" alt=\"domaine-du-mas-de-pierre-saint-paul-de-vence-bistrot-dolce-provenza\" \/><\/a>\n\t\t\t<\/dt><\/dl><dl class='gallery-item'>\n\t\t\t<dt class='gallery-icon landscape'>\n\t\t\t\t<a data-elementor-open-lightbox=\"yes\" data-elementor-lightbox-slideshow=\"c9af718\" data-elementor-lightbox-title=\"Bisrtot-Lis-Orto-Terrasse-jauen-oder-dinieren-am-Rand-von-Pisikien-im-Familienurlaub-Sommer\" data-e-action-hash=\"#elementor-action%3Aaction%3Dlightbox%26settings%3DeyJpZCI6MzA3MTYsInVybCI6Imh0dHBzOlwvXC93d3cubGVtYXNkZXBpZXJyZS5jb21cL3dwLWNvbnRlbnRcL3VwbG9hZHNcLzIwMjNcLzA2XC9CaXNydG90LUxpcy1PcnRvLXRlcnJhc3NlLWRlamF1ZW5lci1vdS1kaW5lci1lbi1ib3JkLWRlLXBpc2ljbmUtZXRlLXZhY2FuY2VzLWZhbWlsbGUucG5nIiwic2xpZGVzaG93IjoiYzlhZjcxOCJ9\" href='https:\/\/www.lemasdepierre.com\/wp-content\/uploads\/2023\/06\/Bisrtot-Lis-Orto-terrasse-dejauener-ou-diner-en-bord-de-pisicne-ete-vacances-famille.png'><img loading=\"lazy\" decoding=\"async\" width=\"655\" height=\"540\" src=\"https:\/\/www.lemasdepierre.com\/wp-content\/uploads\/2023\/06\/Bisrtot-Lis-Orto-terrasse-dejauener-ou-diner-en-bord-de-pisicne-ete-vacances-famille-655x540.png\" class=\"attachment-visu_texte size-visu_texte\" alt=\"\" \/><\/a>\n\t\t\t<\/dt><\/dl><dl class='gallery-item'>\n\t\t\t<dt class='gallery-icon landscape'>\n\t\t\t\t<a data-elementor-open-lightbox=\"yes\" data-elementor-lightbox-slideshow=\"c9af718\" data-elementor-lightbox-title=\"veranda-terrasse-bistro-dolce-provenza- Domaine-du-Mas-de-Pierre-Resort-SPA-Saint Paul-de-Vence\" data-e-action-hash=\"#elementor-action%3Aaction%3Dlightbox%26settings%3DeyJpZCI6Mjk1ODYsInVybCI6Imh0dHBzOlwvXC93d3cubGVtYXNkZXBpZXJyZS5jb21cL3dwLWNvbnRlbnRcL3VwbG9hZHNcLzIwMjNcLzAxXC92ZXJhbmRhLXRlcnJhc3NlLWJpc3Ryb3QtbGlzLW9ydG8tRG9tYWluZS1kdS1NYXMtZGUtUGllcnJlLVJlc29ydC1TUEEtU2FpbnQtUGF1bC1kZS1WZW5jZS5qcGciLCJzbGlkZXNob3ciOiJjOWFmNzE4In0%3D\" href='https:\/\/www.lemasdepierre.com\/wp-content\/uploads\/2023\/01\/veranda-terrasse-bistrot-lis-orto-Domaine-du-Mas-de-Pierre-Resort-SPA-Saint-Paul-de-Vence.jpg'><img loading=\"lazy\" decoding=\"async\" width=\"655\" height=\"540\" src=\"https:\/\/www.lemasdepierre.com\/wp-content\/uploads\/2023\/01\/veranda-terrasse-bistrot-lis-orto-Domaine-du-Mas-de-Pierre-Resort-SPA-Saint-Paul-de-Vence-655x540.jpg\" class=\"attachment-visu_texte size-visu_texte\" alt=\"\" \/><\/a>\n\t\t\t<\/dt><\/dl><dl class='gallery-item'>\n\t\t\t<dt class='gallery-icon landscape'>\n\t\t\t\t<a data-elementor-open-lightbox=\"yes\" data-elementor-lightbox-slideshow=\"c9af718\" data-elementor-lightbox-title=\"Terrasse des Bistros Dolce Provenza mit Pool saint paul de vence\" data-e-action-hash=\"#elementor-action%3Aaction%3Dlightbox%26settings%3DeyJpZCI6MjkwNzMsInVybCI6Imh0dHBzOlwvXC93d3cubGVtYXNkZXBpZXJyZS5jb21cL3dwLWNvbnRlbnRcL3VwbG9hZHNcLzIwMjJcLzEyXC90ZXJyYXNzZS1kdS1iaXN0cm90LWxpcy1vcnRvLWF2ZWMtcGlzY2luZS1zYWludC1wYXVsLWRlLXZlbmNlLmpwZyIsInNsaWRlc2hvdyI6ImM5YWY3MTgifQ%3D%3D\" href='https:\/\/www.lemasdepierre.com\/wp-content\/uploads\/2022\/12\/terrasse-du-bistrot-lis-orto-avec-piscine-saint-paul-de-vence.jpg'><img loading=\"lazy\" decoding=\"async\" width=\"655\" height=\"540\" src=\"https:\/\/www.lemasdepierre.com\/wp-content\/uploads\/2022\/12\/terrasse-du-bistrot-lis-orto-avec-piscine-saint-paul-de-vence-655x540.jpg\" class=\"attachment-visu_texte size-visu_texte\" alt=\"\" \/><\/a>\n\t\t\t<\/dt><\/dl><br style=\"clear: both\" \/><dl class='gallery-item'>\n\t\t\t<dt class='gallery-icon landscape'>\n\t\t\t\t<a data-elementor-open-lightbox=\"yes\" data-elementor-lightbox-slideshow=\"c9af718\" data-elementor-lightbox-title=\"Bistro-Dolce-Provenza-Terasse mit Blick auf den Swimmingpool der Domaine-du-Mas-de-Pierre\" data-e-action-hash=\"#elementor-action%3Aaction%3Dlightbox%26settings%3DeyJpZCI6MjQ0MzUsInVybCI6Imh0dHBzOlwvXC93d3cubGVtYXNkZXBpZXJyZS5jb21cL3dwLWNvbnRlbnRcL3VwbG9hZHNcLzIwMThcLzAyXC9iaXN0cm90LUxpcy1vcnRvLVRlcmFzc2UtYXZlYy12dWUtc3VyLWxhLXBpc2NpbmUtZHUtRG9tYWluZS1kdS1NYXMtZGUtUGllcnJlLmpwZyIsInNsaWRlc2hvdyI6ImM5YWY3MTgifQ%3D%3D\" href='https:\/\/www.lemasdepierre.com\/wp-content\/uploads\/2018\/02\/bistrot-Lis-orto-Terasse-avec-vue-sur-la-piscine-du-Domaine-du-Mas-de-Pierre.jpg'><img loading=\"lazy\" decoding=\"async\" width=\"655\" height=\"540\" src=\"https:\/\/www.lemasdepierre.com\/wp-content\/uploads\/2018\/02\/bistrot-Lis-orto-Terasse-avec-vue-sur-la-piscine-du-Domaine-du-Mas-de-Pierre-655x540.jpg\" class=\"attachment-visu_texte size-visu_texte\" alt=\"\" \/><\/a>\n\t\t\t<\/dt><\/dl><dl class='gallery-item'>\n\t\t\t<dt class='gallery-icon portrait'>\n\t\t\t\t<a data-elementor-open-lightbox=\"yes\" data-elementor-lightbox-slideshow=\"c9af718\" data-elementor-lightbox-title=\"Plat-bistrot-Dolce-Provenza-restaurant-auf-Domaine-du-Mas-de-Pierre-resort-&amp;-spa\" data-e-action-hash=\"#elementor-action%3Aaction%3Dlightbox%26settings%3DeyJpZCI6MjQ0NDEsInVybCI6Imh0dHBzOlwvXC93d3cubGVtYXNkZXBpZXJyZS5jb21cL3dwLWNvbnRlbnRcL3VwbG9hZHNcLzIwMThcLzAyXC9QbGF0LWJpc3Ryb3QtbGlzLW9ydG8tcmVzdGF1cmFudC1hdS1Eb21haW5lLWR1LU1hcy1kZS1waWVycmUtcmVzb3J0LXNwYS5qcGciLCJzbGlkZXNob3ciOiJjOWFmNzE4In0%3D\" href='https:\/\/www.lemasdepierre.com\/wp-content\/uploads\/2018\/02\/Plat-bistrot-lis-orto-restaurant-au-Domaine-du-Mas-de-pierre-resort-spa.jpg'><img loading=\"lazy\" decoding=\"async\" width=\"655\" height=\"540\" src=\"https:\/\/www.lemasdepierre.com\/wp-content\/uploads\/2018\/02\/Plat-bistrot-lis-orto-restaurant-au-Domaine-du-Mas-de-pierre-resort-spa-655x540.jpg\" class=\"attachment-visu_texte size-visu_texte\" alt=\"\" \/><\/a>\n\t\t\t<\/dt><\/dl><dl class='gallery-item'>\n\t\t\t<dt class='gallery-icon landscape'>\n\t\t\t\t<a data-elementor-open-lightbox=\"yes\" data-elementor-lightbox-slideshow=\"c9af718\" data-elementor-lightbox-title=\"Bistrot-Dolce-Provenza-provenzalisches Restaurant-im Herzen-eines-Domain-Hotel-5-Sterne-saibt-paul-de-vence\" data-e-action-hash=\"#elementor-action%3Aaction%3Dlightbox%26settings%3DeyJpZCI6MjQ0MzEsInVybCI6Imh0dHBzOlwvXC93d3cubGVtYXNkZXBpZXJyZS5jb21cL3dwLWNvbnRlbnRcL3VwbG9hZHNcLzIwMThcLzAyXC9CaXN0cm90LUxpcy1PcnRvLXJlc3RhdXJhbnQtcHJvdmVuY2FsLWF1LWNvZXVyLWR1bi1kb21haW5lLWhvdGVsLTUtXHUwMGU5dG9pbGUtc2FpYnQtcGF1bC1kZS12ZW5jZS5qcGciLCJzbGlkZXNob3ciOiJjOWFmNzE4In0%3D\" href='https:\/\/www.lemasdepierre.com\/wp-content\/uploads\/2018\/02\/Bistrot-Lis-Orto-restaurant-provencal-au-coeur-dun-domaine-hotel-5-\u00e9toile-saibt-paul-de-vence.jpg'><img loading=\"lazy\" decoding=\"async\" width=\"655\" height=\"540\" src=\"https:\/\/www.lemasdepierre.com\/wp-content\/uploads\/2018\/02\/Bistrot-Lis-Orto-restaurant-provencal-au-coeur-dun-domaine-hotel-5-\u00e9toile-saibt-paul-de-vence-655x540.jpg\" class=\"attachment-visu_texte size-visu_texte\" alt=\"\" \/><\/a>\n\t\t\t<\/dt><\/dl><dl class='gallery-item'>\n\t\t\t<dt class='gallery-icon landscape'>\n\t\t\t\t<a data-elementor-open-lightbox=\"yes\" data-elementor-lightbox-slideshow=\"c9af718\" data-elementor-lightbox-title=\"Speisekarte-wohlf\u00fchlen-im-Bistro-dolce-provenza-restaurant-domaine-du-mas-de-pierre\" data-e-action-hash=\"#elementor-action%3Aaction%3Dlightbox%26settings%3DeyJpZCI6MjQ0MjksInVybCI6Imh0dHBzOlwvXC93d3cubGVtYXNkZXBpZXJyZS5jb21cL3dwLWNvbnRlbnRcL3VwbG9hZHNcLzIwMThcLzAyXC9QbGF0LW1lbnUtYmVpbi1cdTAwZWF0cmUtYXUtYmlzdHJvdC1saXMtb3J0by1yZXN0YXVyYW50LWRvbWFpbmUtZHUtbWFzLWRlLXBpZXJyZS5qcGciLCJzbGlkZXNob3ciOiJjOWFmNzE4In0%3D\" href='https:\/\/www.lemasdepierre.com\/wp-content\/uploads\/2018\/02\/Plat-menu-bein-\u00eatre-au-bistrot-lis-orto-restaurant-domaine-du-mas-de-pierre.jpg'><img loading=\"lazy\" decoding=\"async\" width=\"655\" height=\"540\" src=\"https:\/\/www.lemasdepierre.com\/wp-content\/uploads\/2018\/02\/Plat-menu-bein-\u00eatre-au-bistrot-lis-orto-restaurant-domaine-du-mas-de-pierre-655x540.jpg\" class=\"attachment-visu_texte size-visu_texte\" alt=\"\" \/><\/a>\n\t\t\t<\/dt><\/dl><br style=\"clear: both\" \/><dl class='gallery-item'>\n\t\t\t<dt class='gallery-icon landscape'>\n\t\t\t\t<a data-elementor-open-lightbox=\"yes\" data-elementor-lightbox-slideshow=\"c9af718\" data-elementor-lightbox-title=\"restaurant-bistro-dolce-provenza-domaine-du-mas-de-pierre\" data-e-action-hash=\"#elementor-action%3Aaction%3Dlightbox%26settings%3DeyJpZCI6MjQyODgsInVybCI6Imh0dHBzOlwvXC93d3cubGVtYXNkZXBpZXJyZS5jb21cL3dwLWNvbnRlbnRcL3VwbG9hZHNcLzIwMjFcLzA3XC9yZXN0YXVyYW50LWJpc3Ryb3QtbGlzLW9ydG9zLWRvbWFpbmUtZHUtbWFzLWRlLXBpZXJyZS5qcGciLCJzbGlkZXNob3ciOiJjOWFmNzE4In0%3D\" href='https:\/\/www.lemasdepierre.com\/wp-content\/uploads\/2021\/07\/restaurant-bistrot-lis-ortos-domaine-du-mas-de-pierre.jpg'><img loading=\"lazy\" decoding=\"async\" width=\"655\" height=\"540\" src=\"https:\/\/www.lemasdepierre.com\/wp-content\/uploads\/2021\/07\/restaurant-bistrot-lis-ortos-domaine-du-mas-de-pierre-655x540.jpg\" class=\"attachment-visu_texte size-visu_texte\" alt=\"\" \/><\/a>\n\t\t\t<\/dt><\/dl>\n\t\t\t<br style='clear: both' \/>\n\t\t<\/div>\n\t\t<\/div>\n\t\t\t\t\t\t<\/div>\n\t\t\t\t<\/div>\n\t\t\t\t\t<\/div>\n\t\t\t\t<\/div>\n\t\t\t\t<\/div>\n\t\t","protected":false},"excerpt":{"rendered":"<p>Eine Ode an die Riviera, zwischen Provence und Italien Willkommen im Dolce Provenza, dem Bistro der Domaine du Mas de Pierre. Hier feiern wir die mediterrane Lebensart, die einfachen Freuden und den authentischen Geschmack. Das Restaurant ist gleicherma\u00dfen von der provenzalischen und italienischen Tradition inspiriert und bietet eine feine Casual-K\u00fcche, sonnig, freundlich und gro\u00dfz\u00fcgig, in [&hellip;]<\/p>\n","protected":false},"author":18,"featured_media":0,"parent":0,"menu_order":0,"comment_status":"closed","ping_status":"closed","template":"","meta":{"_acf_changed":false,"footnotes":""},"class_list":["post-34426","page","type-page","status-publish","hentry"],"acf":[],"_links":{"self":[{"href":"https:\/\/www.lemasdepierre.com\/de\/wp-json\/wp\/v2\/pages\/34426","targetHints":{"allow":["GET"]}}],"collection":[{"href":"https:\/\/www.lemasdepierre.com\/de\/wp-json\/wp\/v2\/pages"}],"about":[{"href":"https:\/\/www.lemasdepierre.com\/de\/wp-json\/wp\/v2\/types\/page"}],"author":[{"embeddable":true,"href":"https:\/\/www.lemasdepierre.com\/de\/wp-json\/wp\/v2\/users\/18"}],"replies":[{"embeddable":true,"href":"https:\/\/www.lemasdepierre.com\/de\/wp-json\/wp\/v2\/comments?post=34426"}],"version-history":[{"count":13,"href":"https:\/\/www.lemasdepierre.com\/de\/wp-json\/wp\/v2\/pages\/34426\/revisions"}],"predecessor-version":[{"id":35051,"href":"https:\/\/www.lemasdepierre.com\/de\/wp-json\/wp\/v2\/pages\/34426\/revisions\/35051"}],"wp:attachment":[{"href":"https:\/\/www.lemasdepierre.com\/de\/wp-json\/wp\/v2\/media?parent=34426"}],"curies":[{"name":"wp","href":"https:\/\/api.w.org\/{rel}","templated":true}]}}